{"id":95,"date":"2024-02-24T01:26:16","date_gmt":"2024-02-24T01:26:16","guid":{"rendered":"https:\/\/leon-gmbh.de\/?page_id=95"},"modified":"2024-02-24T01:26:24","modified_gmt":"2024-02-24T01:26:24","slug":"datenschutz","status":"publish","type":"page","link":"https:\/\/leon-gmbh.de\/index.php\/datenschutz\/","title":{"rendered":"Datenschutz"},"content":{"rendered":"<p>[et_pb_section fb_built=&#8220;1&#8243; _builder_version=&#8220;4.24.1&#8243; _module_preset=&#8220;default&#8220; global_colors_info=&#8220;{}&#8220; theme_builder_area=&#8220;post_content&#8220;][et_pb_row _builder_version=&#8220;4.24.1&#8243; _module_preset=&#8220;default&#8220; global_colors_info=&#8220;{}&#8220; theme_builder_area=&#8220;post_content&#8220;][et_pb_column type=&#8220;4_4&#8243; _builder_version=&#8220;4.24.1&#8243; _module_preset=&#8220;default&#8220; global_colors_info=&#8220;{}&#8220; theme_builder_area=&#8220;post_content&#8220;][et_pb_text _builder_version=&#8220;4.24.1&#8243; _module_preset=&#8220;default&#8220; global_colors_info=&#8220;{}&#8220; theme_builder_area=&#8220;post_content&#8220;]<\/p>\n<div class=\"et_pb_module et_pb_text et_pb_text_0  et_pb_text_align_left et_pb_bg_layout_light\">\n<div class=\"et_pb_text_inner\">\n<h1>Datenschutzerkl\u00e4rung<\/h1>\n<\/div>\n<\/div>\n<div class=\"et_pb_module et_pb_text et_pb_text_1  et_pb_text_align_left et_pb_bg_layout_light\">\n<div class=\"et_pb_text_inner\">\n<p class=\"p1\"><strong>Datenschutzerkl\u00e4rung<\/strong><\/p>\n<p class=\"p1\">Verantwortlicher im Sinne der Datenschutzgesetze, insbesondere der EU-Datenschutzgrundverordnung (DSGVO), ist:<\/p>\n<p class=\"p1\"><strong>LEON Dienstleistungen GmbH<\/strong><\/p>\n<p class=\"p1\">Lindenstr. 21<\/p>\n<p class=\"p1\">12529 Sch\u00f6nefeld<\/p>\n<p class=\"p3\"><span style=\"font-size: 14px;\">Ihre Betroffenenrechte<\/span><\/p>\n<p class=\"p3\">Unter den angegebenen Kontaktdaten unseres Datenschutzbeauftragten k\u00f6nnen Sie jederzeit folgende Rechte aus\u00fcben:<\/p>\n<ul class=\"ul1\">\n<li class=\"li6\"><span class=\"s1\"><\/span><span class=\"s2\">Auskunft \u00fcber Ihre bei uns gespeicherten Daten und deren Verarbeitung (Art. 15 DSGVO),<\/span><\/li>\n<li class=\"li6\"><span class=\"s1\"><\/span><span class=\"s2\">Berichtigung unrichtiger personenbezogener Daten (Art. 16 DSGVO),<\/span><\/li>\n<li class=\"li6\"><span class=\"s1\"><\/span><span class=\"s2\">L\u00f6schung Ihrer bei uns gespeicherten Daten (Art. 17 DSGVO),<\/span><\/li>\n<li class=\"li6\"><span class=\"s1\"><\/span><span class=\"s2\">Einschr\u00e4nkung der Datenverarbeitung, sofern wir Ihre Daten aufgrund gesetzlicher Pflichten noch nicht l\u00f6schen d\u00fcrfen (Art. 18 DSGVO),<\/span><\/li>\n<li class=\"li6\"><span class=\"s1\"><\/span><span class=\"s2\">Widerspruch gegen die Verarbeitung Ihrer Daten bei uns (Art. 21 DSGVO) und<\/span><\/li>\n<li class=\"li6\"><span class=\"s1\"><\/span><span class=\"s2\">Daten\u00fcbertragbarkeit, sofern Sie in die Datenverarbeitung eingewilligt haben oder einen Vertrag mit uns abgeschlossen haben (Art. 20 DSGVO).<\/span><\/li>\n<\/ul>\n<p class=\"p3\">Sofern Sie uns eine Einwilligung erteilt haben, k\u00f6nnen Sie diese jederzeit mit Wirkung f\u00fcr die Zukunft widerrufen.<\/p>\n<p class=\"p3\">Sie k\u00f6nnen sich jederzeit mit einer Beschwerde an eine Aufsichtsbeh\u00f6rde wenden, z. B. an die zust\u00e4ndige Aufsichtsbeh\u00f6rde des Bundeslands Ihres Wohnsitzes oder an die f\u00fcr uns als verantwortliche Stelle zust\u00e4ndige Beh\u00f6rde.<\/p>\n<p class=\"p3\">Eine Liste der Aufsichtsbeh\u00f6rden (f\u00fcr den nicht\u00f6ffentlichen Bereich) mit Anschrift finden Sie unter:\u00a0<a href=\"https:\/\/www.bfdi.bund.de\/DE\/Infothek\/Anschriften_Links\/anschriften_links-node.html\"><span class=\"s3\">https:\/\/www.bfdi.bund.de\/DE\/Infothek\/Anschriften_Links\/anschriften_links-node.html<\/span><\/a>.<\/p>\n<p class=\"p7\">\n<p class=\"p8\">Erfassung allgemeiner Informationen beim Besuch unserer Website<\/p>\n<p class=\"p9\">Art und Zweck der Verarbeitung:<\/p>\n<p class=\"p3\">Wenn Sie auf unsere Website zugreifen, d.h., wenn Sie sich nicht registrieren oder anderweitig Informationen \u00fcbermitteln, werden automatisch Informationen allgemeiner Natur erfasst. Diese Informationen (Server-Logfiles) beinhalten etwa die Art des Webbrowsers, das verwendete Betriebssystem, den Domainnamen Ihres Internet-Service-Providers, Ihre IP-Adresse und \u00e4hnliches.<\/p>\n<p class=\"p3\">Sie werden insbesondere zu folgenden Zwecken verarbeitet:<\/p>\n<ul class=\"ul1\">\n<li class=\"li6\"><span class=\"s1\"><\/span><span class=\"s2\">Sicherstellung eines problemlosen Verbindungsaufbaus der Website,<\/span><\/li>\n<li class=\"li6\"><span class=\"s1\"><\/span><span class=\"s2\">Sicherstellung einer reibungslosen Nutzung unserer Website,<\/span><\/li>\n<li class=\"li6\"><span class=\"s1\"><\/span><span class=\"s2\">Auswertung der Systemsicherheit und -stabilit\u00e4t sowie<\/span><\/li>\n<li class=\"li6\"><span class=\"s1\"><\/span><span class=\"s2\">zu weiteren administrativen Zwecken.<\/span><\/li>\n<\/ul>\n<p class=\"p3\">Wir verwenden Ihre Daten nicht, um R\u00fcckschl\u00fcsse auf Ihre Person zu ziehen. Informationen dieser Art werden von uns ggfs. statistisch ausgewertet, um unseren Internetauftritt und die dahinterstehende Technik zu optimieren.<\/p>\n<p class=\"p5\">Rechtsgrundlage:<\/p>\n<p class=\"p3\">Die Verarbeitung erfolgt gem\u00e4\u00df Art. 6 Abs. 1 lit. f DSGVO auf Basis unseres berechtigten Interesses an der Verbesserung der Stabilit\u00e4t und Funktionalit\u00e4t unserer Website.<\/p>\n<p class=\"p5\">Empf\u00e4nger:<\/p>\n<p class=\"p3\">Empf\u00e4nger der Daten sind ggf. technische Dienstleister, die f\u00fcr den Betrieb und die Wartung unserer Webseite als Auftragsverarbeiter t\u00e4tig werden.<\/p>\n<p class=\"p10\">Speicherdauer:<\/p>\n<p class=\"p3\">Die Daten werden gel\u00f6scht, sobald diese f\u00fcr den Zweck der Erhebung nicht mehr erforderlich sind. Dies ist f\u00fcr die Daten, die der Bereitstellung der Webseite dienen, grunds\u00e4tzlich der Fall, wenn die jeweilige Sitzung beendet ist.<\/p>\n<p class=\"p5\">Bereitstellung vorgeschrieben oder erforderlich:<\/p>\n<p class=\"p3\">Die Bereitstellung der vorgenannten personenbezogenen Daten ist weder gesetzlich noch vertraglich vorgeschrieben. Ohne die IP-Adresse ist jedoch der Dienst und die Funktionsf\u00e4higkeit unserer Website nicht gew\u00e4hrleistet. Zudem k\u00f6nnen einzelne Dienste und Services nicht verf\u00fcgbar oder eingeschr\u00e4nkt sein. Aus diesem Grund ist ein Widerspruch ausgeschlossen.<\/p>\n<p class=\"p3\">\n<p class=\"p11\">Cookies<\/p>\n<p class=\"p5\">Art und Zweck der Verarbeitung:<\/p>\n<p class=\"p3\">Wie viele andere Webseiten verwenden wir auch so genannte \u201eCookies\u201c. Bei Cookies handelt es sich um kleine Textdateien, die auf Ihrem Endger\u00e4t (Laptop, Tablet, Smartphone o.\u00e4.) gespeichert werden, wenn Sie unsere Webseite besuchen.<\/p>\n<p class=\"p3\">Hierdurch erhalten wir bestimmte Daten wie z. B. IP-Adresse, verwendeter Browser und Betriebssystem.<\/p>\n<p class=\"p3\">Cookies k\u00f6nnen nicht verwendet werden, um Programme zu starten oder Viren auf einen Computer zu \u00fcbertragen. Anhand der in Cookies enthaltenen Informationen k\u00f6nnen wir Ihnen die Navigation erleichtern und die korrekte Anzeige unserer Webseiten erm\u00f6glichen.<\/p>\n<p class=\"p3\">In keinem Fall werden die von uns erfassten Daten an Dritte weitergegeben oder ohne Ihre Einwilligung eine Verkn\u00fcpfung mit personenbezogenen Daten hergestellt.<\/p>\n<p class=\"p3\">Nat\u00fcrlich k\u00f6nnen Sie unsere Website grunds\u00e4tzlich auch ohne Cookies betrachten. Internet-Browser sind regelm\u00e4\u00dfig so eingestellt, dass sie Cookies akzeptieren. Im Allgemeinen k\u00f6nnen Sie die Verwendung von Cookies jederzeit \u00fcber die Einstellungen Ihres Browsers deaktivieren. Bitte verwenden Sie die Hilfefunktionen Ihres Internetbrowsers, um zu erfahren, wie Sie diese Einstellungen \u00e4ndern k\u00f6nnen. Bitte beachten Sie, dass einzelne Funktionen unserer Website m\u00f6glicherweise nicht funktionieren, wenn Sie die Verwendung von Cookies deaktiviert haben.<\/p>\n<p class=\"p5\">Speicherdauer und eingesetzte Cookies:<\/p>\n<p class=\"p3\">Soweit Sie uns durch Ihre Browsereinstellungen oder Zustimmung die Verwendung von Cookies erlauben, k\u00f6nnen folgende Cookies auf unseren Webseiten zum Einsatz kommen:<\/p>\n<p class=\"p3\">\n<p class=\"p3\">Soweit diese Cookies (auch) personenbezogene Daten betreffen k\u00f6nnen, informieren wir Sie dar\u00fcber in den folgenden Abschnitten.<\/p>\n<p class=\"p3\">Sie k\u00f6nnen \u00fcber Ihre Browsereinstellungen einzelne Cookies oder den gesamten Cookie-Bestand l\u00f6schen. Dar\u00fcber hinaus erhalten Sie Informationen und Anleitungen, wie diese Cookies gel\u00f6scht oder deren Speicherung vorab blockiert werden k\u00f6nnen. Je nach Anbieter Ihres Browsers finden Sie die notwendigen Informationen unter den nachfolgenden Links:<\/p>\n<ul class=\"ul1\">\n<li class=\"li12\"><span class=\"s4\"><\/span><span class=\"s5\">Mozilla Firefox:\u00a0<a href=\"https:\/\/support.mozilla.org\/de\/kb\/cookies-loeschen-daten-von-websites-entfernen\"><span class=\"s6\">https:\/\/support.mozilla.org\/de\/kb\/cookies-loeschen-daten-von-websites-entfernen<\/span><\/a><\/span><\/li>\n<li class=\"li12\"><span class=\"s4\"><\/span><span class=\"s5\">Internet Explorer:\u00a0<a href=\"https:\/\/support.microsoft.com\/de-de\/help\/17442\/windows-internet-explorer-delete-manage-cookies\"><span class=\"s6\">https:\/\/support.microsoft.com\/de-de\/help\/17442\/windows-internet-explorer-delete-manage-cookies<\/span><\/a><\/span><\/li>\n<li class=\"li12\"><span class=\"s4\"><\/span><span class=\"s5\">Google Chrome:\u00a0<a href=\"https:\/\/support.google.com\/accounts\/answer\/61416?hl=de\"><span class=\"s6\">https:\/\/support.google.com\/accounts\/answer\/61416?hl=de<\/span><\/a><\/span><\/li>\n<li class=\"li12\"><span class=\"s4\"><\/span><span class=\"s5\">Opera:\u00a0<a href=\"http:\/\/www.opera.com\/de\/help\"><span class=\"s6\">http:\/\/www.opera.com\/de\/help<\/span><\/a><\/span><\/li>\n<li class=\"li12\"><span class=\"s4\"><\/span><span class=\"s5\">Safari:\u00a0<a href=\"https:\/\/support.apple.com\/kb\/PH17191?locale=de_DE&amp;viewlocale=de_DE\"><span class=\"s6\">https:\/\/support.apple.com\/kb\/PH17191?locale=de_DE&amp;viewlocale=de_DE<\/span><\/a><\/span><\/li>\n<\/ul>\n<p class=\"p3\">\n<p class=\"p5\">Hosting und Content Delivery Networks (CDN)<\/p>\n<p class=\"p13\">Externes Hosting<\/p>\n<p class=\"p3\">Diese Website wird bei einem externen Dienstleister gehostet (Hoster). Die personenbezogenen Daten, die auf dieser Website erfasst werden, werden auf den Servern des Hosters gespeichert. Hierbei kann es sich v. a. um IP-Adressen, Kontaktanfragen, Meta- und Kommunikationsdaten, Vertragsdaten, Kontaktdaten, Namen, Websitezugriffe und sonstige Daten, die \u00fcber eine Website generiert werden, handeln.<\/p>\n<p class=\"p3\">Der Einsatz des Hosters erfolgt zum Zwecke der Vertragserf\u00fcllung gegen\u00fcber unseren potenziellen und bestehenden Kunden (Art. 6 Abs. 1 lit. b DSGVO) und im Interesse einer sicheren, schnellen und effizienten Bereitstellung unseres Online-Angebots durch einen professionellen Anbieter (Art. 6 Abs. 1 lit. f DSGVO).<\/p>\n<p class=\"p3\">Unser Hoster wird Ihre Daten nur insoweit verarbeiten, wie dies zur Erf\u00fcllung seiner Leistungspflichten erforderlich ist und unsere Weisungen in Bezug auf diese Daten befolgen.<\/p>\n<p class=\"p3\">Wir setzen folgenden Hoster ein:<\/p>\n<p class=\"p3\">Evolus IT Solutions GmbH<br \/>Kellergasse 239<br \/>AT-2103 Langenzersdorf<\/p>\n<p class=\"p9\">Abschluss eines Vertrages \u00fcber Auftragsverarbeitung<\/p>\n<p class=\"p3\">Um die datenschutzkonforme Verarbeitung zu gew\u00e4hrleisten, haben wir einen Vertrag \u00fcber Auftragsverarbeitung mit unserem Hoster geschlossen.<\/p>\n<p class=\"p3\">\n<p class=\"p14\">Kontaktformular<\/p>\n<p class=\"p10\">Art und Zweck der Verarbeitung:<\/p>\n<p class=\"p3\">Die von Ihnen eingegebenen Daten werden zum Zweck der individuellen Kommunikation mit Ihnen gespeichert. Hierf\u00fcr ist die Angabe einer validen E-Mail-Adresse sowie Ihres Namens erforderlich. Diese dient der Zuordnung der Anfrage und der anschlie\u00dfenden Beantwortung derselben. Die Angabe weiterer Daten ist optional.<\/p>\n<p class=\"p10\">Rechtsgrundlage:<\/p>\n<p class=\"p3\">Die Verarbeitung der in das Kontaktformular eingegebenen Daten erfolgt auf der Grundlage eines berechtigten Interesses (Art. 6 Abs. 1 lit. f DSGVO).<\/p>\n<p class=\"p3\">Durch Bereitstellung des Kontaktformulars m\u00f6chten wir Ihnen eine unkomplizierte Kontaktaufnahme erm\u00f6glichen. Ihre gemachten Angaben werden zum Zwecke der Bearbeitung der Anfrage sowie f\u00fcr m\u00f6gliche Anschlussfragen gespeichert.<\/p>\n<p class=\"p3\">Sofern Sie mit uns Kontakt aufnehmen, um ein Angebot zu erfragen, erfolgt die Verarbeitung der in das Kontaktformular eingegebenen Daten zur Durchf\u00fchrung vorvertraglicher Ma\u00dfnahmen (Art. 6 Abs. 1 lit. b DSGVO).<\/p>\n<p class=\"p10\">Empf\u00e4nger:<\/p>\n<p class=\"p3\">Empf\u00e4nger der Daten sind ggf. Auftragsverarbeiter.<\/p>\n<p class=\"p10\">Speicherdauer:<\/p>\n<p class=\"p3\">Daten werden sp\u00e4testens 6 Monate nach Bearbeitung der Anfrage gel\u00f6scht.<\/p>\n<p class=\"p3\">Sofern es zu einem Vertragsverh\u00e4ltnis kommt, unterliegen wir den gesetzlichen Aufbewahrungsfristen nach HGB und l\u00f6schen Ihre Daten nach Ablauf dieser Fristen.<\/p>\n<p class=\"p10\">Bereitstellung vorgeschrieben oder erforderlich:<\/p>\n<p class=\"p3\">Die Bereitstellung Ihrer personenbezogenen Daten erfolgt freiwillig. Wir k\u00f6nnen Ihre Anfrage jedoch nur bearbeiten, sofern Sie uns Ihren Namen, Ihre E-Mail-Adresse und den Grund der Anfrage mitteilen.<\/p>\n<p class=\"p3\">\n<p class=\"p14\">Verwendung von Scriptbibliotheken<span class=\"Apple-converted-space\">\u00a0<\/span><\/p>\n<p class=\"p14\">(Google Webfonts)<\/p>\n<p class=\"p10\">Art und Zweck der Verarbeitung:<\/p>\n<p class=\"p3\">Um unsere Inhalte browser\u00fcbergreifend korrekt und grafisch ansprechend darzustellen, verwenden wir auf dieser Website \u201eGoogle Web Fonts\u201c der Google LLC (1600 Amphitheatre Parkway, Mountain View, CA 94043, USA; nachfolgend \u201eGoogle\u201c) zur Darstellung von Schriften.<\/p>\n<p class=\"p3\">Die Datenschutzrichtlinie des Bibliothekbetreibers Google finden Sie hier:\u00a0<a href=\"https:\/\/www.google.com\/policies\/privacy\/\"><span class=\"s3\">https:\/\/www.google.com\/policies\/privacy\/<\/span><\/a><\/p>\n<p class=\"p5\">Rechtsgrundlage:<\/p>\n<p class=\"p3\">Rechtsgrundlage f\u00fcr die Einbindung von Google Webfonts und dem damit verbundenen Datentransfer zu Google ist Ihre Einwilligung (Art. 6 Abs. 1 lit. a DSGVO).<\/p>\n<p class=\"p5\">Empf\u00e4nger:<\/p>\n<p class=\"p3\">Der Aufruf von Scriptbibliotheken oder Schriftbibliotheken l\u00f6st automatisch eine Verbindung zum Betreiber der Bibliothek aus. Dabei ist es theoretisch m\u00f6glich \u2013 aktuell allerdings auch unklar ob und ggf. zu welchen Zwecken \u2013 dass der Betreiber in diesem Fall Google Daten erhebt.<\/p>\n<p class=\"p10\">Speicherdauer:<\/p>\n<p class=\"p3\">Wir erheben keine personenbezogenen Daten, durch die Einbindung von Google Webfonts.<\/p>\n<p class=\"p3\">Weitere Informationen zu Google Web Fonts finden Sie unter\u00a0<a href=\"https:\/\/developers.google.com\/fonts\/faq\"><span class=\"s3\">https:\/\/developers.google.com\/fonts\/faq<\/span><\/a>\u00a0und in der Datenschutzerkl\u00e4rung von Google:\u00a0<a href=\"https:\/\/www.google.com\/policies\/privacy\/\"><span class=\"s3\">https:\/\/www.google.com\/policies\/privacy\/<\/span><\/a>.<\/p>\n<p class=\"p5\">Drittlandtransfer:<\/p>\n<p class=\"p3\">Google verarbeitet Ihre Daten in den USA und hat sich dem EU_US Privacy Shield unterworfen\u00a0<a href=\"https:\/\/www.privacyshield.gov\/EU-US-Framework\"><span class=\"s3\">https:\/\/www.privacyshield.gov\/EU-US-Framework<\/span><\/a>.<\/p>\n<p class=\"p5\">Bereitstellung vorgeschrieben oder erforderlich:<\/p>\n<p class=\"p3\">Die Bereitstellung der personenbezogenen Daten ist weder gesetzlich, noch vertraglich vorgeschrieben. Allerdings kann ggfs. die korrekte Darstellung der Inhalte durch Standardschriften nicht m\u00f6glich sein.<\/p>\n<p class=\"p5\">Widerruf der Einwilligung:<\/p>\n<p class=\"p3\">Zur Darstellung der Inhalte wird regelm\u00e4\u00dfig die Programmiersprache JavaScript verwendet. Sie k\u00f6nnen der Datenverarbeitung daher widersprechen, indem Sie die Ausf\u00fchrung von JavaScript in Ihrem Browser deaktivieren oder einen JavaScript-Blocker installieren. Bitte beachten Sie, dass es hierdurch zu Funktionseinschr\u00e4nkungen auf der Website kommen kann.<\/p>\n<p class=\"p3\">\n<p class=\"p11\">Verwendung von Adobe Typekit<\/p>\n<p class=\"p5\">Art und Zweck der Verarbeitung:<\/p>\n<p class=\"p3\">Wir setzen Adobe Typekit zur visuellen Gestaltung unserer Website ein. Typekit ist ein Dienst der Adobe Systems Software Ireland Companies (4-6 Riverwalk, Citywest Business Campus, Dublin 24, Republic of Ireland; nachfolgend \u201eAdobe\u201c), der uns den Zugriff auf eine Schriftartenbibliothek gew\u00e4hrt. Zur Einbindung der von uns benutzten Schriftarten, muss Ihr Browser eine Verbindung zu einem Server von Adobe in den USA aufbauen und die f\u00fcr unsere Website ben\u00f6tigte Schriftart herunterladen. Adobe erh\u00e4lt hierdurch die Information, dass von Ihrer IP-Adresse unsere Website aufgerufen wurde. Weitere Informationen zu Adobe Typekit finden Sie in den Datenschutzhinweisen von Adobe, die Sie hier abrufen k\u00f6nnen:\u00a0<a href=\"https:\/\/www.adobe.com\/de\/privacy\/policy.html\"><span class=\"s3\">https:\/\/www.adobe.com\/de\/privacy\/policy.html<\/span><\/a><\/p>\n<p class=\"p5\">Rechtsgrundlage:<\/p>\n<p class=\"p3\">Rechtsgrundlage f\u00fcr die Einbindung von Adobe Typekit und dem damit verbundenen Datentransfer zu Adobe ist Ihre Einwilligung (Art. 6 Abs. 1 lit. a DSGVO).<\/p>\n<p class=\"p5\">Empf\u00e4nger:<\/p>\n<p class=\"p3\">Der Aufruf von Scriptbibliotheken oder Schriftbibliotheken l\u00f6st automatisch eine Verbindung zum Betreiber der Bibliothek aus. Informationen \u00fcber die Nutzung Ihrer Daten durch Adobe Typekit Web Fonts Sie unter\u00a0<a href=\"https:\/\/typekit.com\/\"><span class=\"s3\">https:\/\/typekit.com\/<\/span><\/a>\u00a0und in der Datenschutzerkl\u00e4rung von Adobe Typekit:\u00a0<a href=\"https:\/\/www.adobe.com\/de\/privacy\/policies\/typekit.html\"><span class=\"s3\">https:\/\/www.adobe.com\/de\/privacy\/policies\/typekit.html<\/span><\/a>.<\/p>\n<p class=\"p10\">Speicherdauer:<\/p>\n<p class=\"p3\">Wir erheben keine personenbezogenen Daten durch die Einbindung von Adobe Typekit Web Fonts.<\/p>\n<p class=\"p5\">Drittlandtransfer:<\/p>\n<p class=\"p3\">Adobe ist unter dem Privacy-Shield-Abkommen zertifiziert und bietet hierdurch eine Garantie, das europ\u00e4ische Datenschutzrecht einzuhalten (<a href=\"https:\/\/www.privacyshield.gov\/participant?id=a2zt0000000TNo9AAG&amp;status=Active\"><span class=\"s3\">https:\/\/www.privacyshield.gov\/participant?id=a2zt0000000TNo9AAG&amp;status=Active<\/span><\/a>).<\/p>\n<p class=\"p5\">Bereitstellung vorgeschrieben oder erforderlich:<\/p>\n<p class=\"p3\">Die Bereitstellung der personenbezogenen Daten ist weder gesetzlich, noch vertraglich vorgeschrieben. Allerdings kann ohne die korrekte Darstellung der Inhalte von Standardschriften nicht erm\u00f6glicht werden.<\/p>\n<p class=\"p3\">\n<p class=\"p11\">SSL-Verschl\u00fcsselung<\/p>\n<p class=\"p3\">Um die Sicherheit Ihrer Daten bei der \u00dcbertragung zu sch\u00fctzen, verwenden wir dem aktuellen Stand der Technik entsprechende Verschl\u00fcsselungsverfahren (z. B. SSL) \u00fcber HTTPS.<\/p>\n<p class=\"p3\">\n<p class=\"p11\">\u00c4nderung unserer Datenschutzbestimmungen<\/p>\n<p class=\"p3\">Wir behalten uns vor, diese Datenschutzerkl\u00e4rung anzupassen, damit sie stets den aktuellen rechtlichen Anforderungen entspricht oder um \u00c4nderungen unserer Leistungen in der Datenschutzerkl\u00e4rung umzusetzen, z.B. bei der Einf\u00fchrung neuer Services. F\u00fcr Ihren erneuten Besuch gilt dann die neue Datenschutzerkl\u00e4rung.<\/p>\n<p class=\"p11\">Fragen an den Datenschutzbeauftragten<\/p>\n<p class=\"p3\">Wenn Sie Fragen zum Datenschutz haben, schreiben Sie uns bitte eine E-Mail oder wenden Sie sich direkt an die f\u00fcr den Datenschutz verantwortliche Person in unserer Organisation:<\/p>\n<p class=\"p3\">\n<p class=\"p3\">Die Datenschutzerkl\u00e4rung wurde mithilfe der activeMind AG erstellt, den Experten f\u00fcr\u00a0<a href=\"https:\/\/www.activemind.de\/datenschutz\/datenschutzbeauftragter\/\"><span class=\"s3\">externe Datenschutzbeauftragte<\/span><\/a>\u00a0(Version #2019-04-10)<\/p>\n<\/div>\n<\/div>\n<p>[\/et_pb_text][\/et_pb_column][\/et_pb_row][\/et_pb_section]<\/p>\n","protected":false},"excerpt":{"rendered":"<p>Datenschutzerkl\u00e4rung Datenschutzerkl\u00e4rung Verantwortlicher im Sinne der Datenschutzgesetze, insbesondere der EU-Datenschutzgrundverordnung (DSGVO), ist: LEON Dienstleistungen GmbH Lindenstr. 21 12529 Sch\u00f6nefeld Ihre Betroffenenrechte Unter den angegebenen Kontaktdaten unseres Datenschutzbeauftragten k\u00f6nnen Sie jederzeit folgende Rechte aus\u00fcben: Auskunft \u00fcber Ihre bei uns gespeicherten Daten und deren Verarbeitung (Art. 15 DSGVO), Berichtigung unrichtiger personenbezogener Daten (Art. 16 DSGVO), L\u00f6schung Ihrer [&hellip;]<\/p>\n","protected":false},"author":1,"featured_media":0,"parent":0,"menu_order":0,"comment_status":"closed","ping_status":"closed","template":"","meta":{"_et_pb_use_builder":"on","_et_pb_old_content":"","_et_gb_content_width":"","footnotes":""},"class_list":["post-95","page","type-page","status-publish","hentry"],"_links":{"self":[{"href":"https:\/\/leon-gmbh.de\/index.php\/wp-json\/wp\/v2\/pages\/95","targetHints":{"allow":["GET"]}}],"collection":[{"href":"https:\/\/leon-gmbh.de\/index.php\/wp-json\/wp\/v2\/pages"}],"about":[{"href":"https:\/\/leon-gmbh.de\/index.php\/wp-json\/wp\/v2\/types\/page"}],"author":[{"embeddable":true,"href":"https:\/\/leon-gmbh.de\/index.php\/wp-json\/wp\/v2\/users\/1"}],"replies":[{"embeddable":true,"href":"https:\/\/leon-gmbh.de\/index.php\/wp-json\/wp\/v2\/comments?post=95"}],"version-history":[{"count":2,"href":"https:\/\/leon-gmbh.de\/index.php\/wp-json\/wp\/v2\/pages\/95\/revisions"}],"predecessor-version":[{"id":97,"href":"https:\/\/leon-gmbh.de\/index.php\/wp-json\/wp\/v2\/pages\/95\/revisions\/97"}],"wp:attachment":[{"href":"https:\/\/leon-gmbh.de\/index.php\/wp-json\/wp\/v2\/media?parent=95"}],"curies":[{"name":"wp","href":"https:\/\/api.w.org\/{rel}","templated":true}]}}